{"id":15,"date":"2019-04-08T07:15:00","date_gmt":"2019-04-08T05:15:00","guid":{"rendered":"https:\/\/www.ski-transfer-salzburg.at\/?page_id=15"},"modified":"2025-05-25T17:46:34","modified_gmt":"2025-05-25T15:46:34","slug":"agb","status":"publish","type":"page","link":"https:\/\/www.ski-transfer-salzburg.at\/de\/agb\/","title":{"rendered":"AGB"},"content":{"rendered":"<p><div class=\"fusion-fullwidth fullwidth-box fusion-builder-row-1 fusion-flex-container has-pattern-background has-mask-background fusion-parallax-none nonhundred-percent-fullwidth non-hundred-percent-height-scrolling\" style=\"--awb-border-radius-top-left:0px;--awb-border-radius-top-right:0px;--awb-border-radius-bottom-right:0px;--awb-border-radius-bottom-left:0px;--awb-margin-top:-5%;--awb-min-height:750px;--awb-min-height-small:500px;--awb-background-image:linear-gradient(180deg, rgba(20,20,20,0.55) 0%,rgba(255,255,255,0) 100%),url(https:\/\/www.ski-transfer-salzburg.at\/wp-content\/uploads\/2021\/09\/activity-quote-bg-1.jpg);;--awb-background-size:cover;--awb-flex-wrap:wrap;\" data-preload-img=\"https:\/\/www.ski-transfer-salzburg.at\/wp-content\/uploads\/2021\/09\/activity-quote-bg-1.jpg\" ><div class=\"fusion-builder-row fusion-row fusion-flex-align-items-flex-start fusion-flex-align-content-flex-start fusion-flex-justify-content-center fusion-flex-content-wrap\" style=\"max-width:1248px;margin-left: calc(-4% \/ 2 );margin-right: calc(-4% \/ 2 );\"><div class=\"fusion-layout-column fusion_builder_column fusion-builder-column-0 fusion_builder_column_2_3 2_3 fusion-flex-column\" style=\"--awb-padding-top:20%;--awb-bg-size:cover;--awb-width-large:66.666666666667%;--awb-margin-top-large:0px;--awb-spacing-right-large:2.88%;--awb-margin-bottom-large:20px;--awb-spacing-left-large:2.88%;--awb-width-medium:80%;--awb-order-medium:0;--awb-spacing-right-medium:2.4%;--awb-spacing-left-medium:2.4%;--awb-width-small:100%;--awb-order-small:0;--awb-spacing-right-small:1.92%;--awb-spacing-left-small:1.92%;\" data-scroll-devices=\"small-visibility,medium-visibility,large-visibility\"><div class=\"fusion-column-wrapper fusion-column-has-shadow fusion-flex-justify-content-flex-start fusion-content-layout-column\"><div class=\"fusion-title title fusion-title-1 fusion-sep-none fusion-title-center fusion-title-text fusion-title-size-one\"><h1 class=\"fusion-title-heading title-heading-center\" style=\"margin:0;\"><h1 style=\"text-align: center;\" data-fusion-font=\"true\"><span style=\"color: #ffffff;\">AGB&#8217;s \u2013 <strong data-start=\"20\" data-end=\"55\">Allgemeine Gesch\u00e4ftsbedingungen<\/strong>.<\/span><\/h1><\/h1><\/div><div class=\"fusion-title title fusion-title-2 fusion-sep-none fusion-title-center fusion-title-text fusion-title-size-one\" style=\"--awb-text-color:var(--awb-color1);--awb-margin-bottom:45px;\"><h1 class=\"fusion-title-heading title-heading-center\" style=\"font-family:&quot;Alumni Sans&quot;;font-style:normal;font-weight:400;margin:0;text-transform:uppercase;\"><\/h1><\/div><div class=\"fusion-text fusion-text-1\"><\/div><\/div><\/div><\/div><\/div><div class=\"fusion-fullwidth fullwidth-box fusion-builder-row-2 fusion-flex-container hundred-percent-fullwidth non-hundred-percent-height-scrolling\" style=\"--awb-border-radius-top-left:0px;--awb-border-radius-top-right:0px;--awb-border-radius-bottom-right:0px;--awb-border-radius-bottom-left:0px;--awb-background-color:var(--awb-color1);--awb-flex-wrap:wrap;\" ><div class=\"fusion-builder-row fusion-row fusion-flex-align-items-center fusion-flex-justify-content-center fusion-flex-content-wrap\" style=\"width:104% !important;max-width:104% !important;margin-left: calc(-4% \/ 2 );margin-right: calc(-4% \/ 2 );\"><div class=\"fusion-layout-column fusion_builder_column fusion-builder-column-1 fusion_builder_column_1_1 1_1 fusion-flex-column\" style=\"--awb-bg-size:cover;--awb-width-large:100%;--awb-margin-top-large:0px;--awb-spacing-right-large:1.92%;--awb-margin-bottom-large:20px;--awb-spacing-left-large:1.92%;--awb-width-medium:100%;--awb-order-medium:0;--awb-spacing-right-medium:1.92%;--awb-spacing-left-medium:1.92%;--awb-width-small:100%;--awb-order-small:0;--awb-spacing-right-small:1.92%;--awb-spacing-left-small:1.92%;\"><div class=\"fusion-column-wrapper fusion-column-has-shadow fusion-flex-justify-content-flex-start fusion-content-layout-column\"><div class=\"fusion-text fusion-text-2\"><p><b>\u00a0<\/b><\/p>\n<p><b>1) Buchung:<\/b><\/p>\n<p>Wir akzeptieren nur Internetbuchungen, telefonische Buchungen sind nicht m\u00f6glich.<\/p>\n<p>Die Buchung erlangt ihre G\u00fcltigkeit nach unserer Best\u00e4tigung.<\/p>\n<p>Bitte senden Sie uns das ausgef\u00fcllte Anfrageformular &#8222;Privat Transfer&#8220;.<\/p>\n<p>Wir werden Ihnen ein Angebot senden.<\/p>\n<p>Wenn unser Angebot Ihnen zusagt, schicken Sie uns bitte Ihre Zustimmung, die wir als Buchung verstehen.<\/p>\n<p>Sobald wir Ihre Buchung innerhalb von 48 Stunden best\u00e4tigen, kommt es zu einem verbindlichen Transferauftrag.<\/p>\n<p>F\u00fcr Ihre Kinder haben wir Kindersitze, bitte geben Sie das Alter der Kinder bei der Buchung an.<\/p>\n<p>Kinder und Babys m\u00fcssen einen eigenen Sitzplatz im Auto haben und werden als volle Person gez\u00e4hlt.<\/p>\n<p><b>2) Treffpunkt:<\/b><\/p>\n<p>Am Salzburg Airport erwartet Sie unser Fahrer in der Ankunftshalle mit einem Schild, auf dem Ihr Name steht.<\/p>\n<p>Wir fahren Sie von T\u00fcr zu T\u00fcr, solange Ihre Destination an einer normal befahrbaren Stra\u00dfe liegt und holen Sie an dieser Stelle wieder ab.<\/p>\n<p><b>3) Zahlung:<\/b><\/p>\n<p>Wir akzeptieren nur Barzahlungen an den Fahrer, jede Fahrt ist bei Ankunft zu bezahlen.<\/p>\n<p>Bei Privat Transfer richtet sich der Preis nach dem Angebot.<\/p>\n<p><b>4) Versp\u00e4tung Ihres Fluges:<\/b><\/p>\n<p>Auch im Falle einer Versp\u00e4tung Ihres Fluges fahren wir Sie zur vereinbarten Destination, sofern Sie bis 23:00 Uhr am Salzburg Airport landen.<\/p>\n<p>Falls Ihr Flug bis 23:00 Uhr nicht am Salzburg Airport gelandet ist, wird der Transferauftrag ohne Konsequenzen ung\u00fcltig.<\/p>\n<p>Der R\u00fccktransfer nach Salzburg Airport bleibt aufrecht.<\/p>\n<p><b>5) Abholzeit:<\/b><\/p>\n<p>Die Abholzeit f\u00fcr die R\u00fcckfahrt nach Salzburg Airport geben wir Ihnen bei der Anreise bekannt.<\/p>\n<p>Wir versuchen die Abholzeit so zu w\u00e4hlen, dass Sie 1,5 bis 3 Stunden vor Abflug am Salzburg Airport ankommen.<\/p>\n<p>An Samstagen muss mit einer l\u00e4ngeren Anfahrtszeit gerechnet werden.<\/p>\n<p><b>6) Stornierung:<\/b><\/p>\n<p>Eine Stornierung ist bis 48 Stunden vor Transferantritt kostenlos m\u00f6glich.<\/p>\n<p>Bei weniger als 48 Stunden m\u00fcssen wir Ihnen den vollen Transferpreis in Rechnung stellen.<\/p>\n<p><b>7) Fahrzeuge:<\/b><\/p>\n<p>In unseren Fahrzeugen besteht Rauch- und Alkoholverbot.<\/p>\n<p>Betrunkene Fahrg\u00e4ste k\u00f6nnen ohne R\u00fcckerstattung des Fahrpreises von der Fahrt ausgeschlossen werden.<\/p>\n<p><b>8) Haftung:<\/b><\/p>\n<p>Wir haften nur f\u00fcr Personen und Gep\u00e4ck im Rahmen der bestehenden Versicherung oder wenn uns erwiesenerma\u00dfen ein Verschulden trifft.<\/p>\n<p>Wir \u00fcbernehmen keine Haftung bei Versp\u00e4tungen durch Stau, Verkehrs\u00fcberlastung, Schlechtwetter oder Unfall.<\/p>\n<p>Bei Stra\u00dfensperren oder bei Gef\u00e4hrdung der Transferroute (z.\u202fB. durch Lawinengefahr oder Murenabgang) kann der Transfer von unserer Seite ersatzlos und ohne Anspr\u00fcche storniert werden.<\/p>\n<p><b>9) Reiseversicherung:<\/b><\/p>\n<p>Wir empfehlen Ihnen, vor Antritt der Reise in Ihrem Heimatland eine Reiseversicherung abzuschlie\u00dfen.<\/p>\n<p><b>10) Gerichtsstand:<\/b><\/p>\n<p>Gerichtsstand ist Stadt Salzburg.<\/p>\n<\/div><\/div><\/div><\/div><\/div><div class=\"fusion-fullwidth fullwidth-box fusion-builder-row-3 fusion-flex-container nonhundred-percent-fullwidth non-hundred-percent-height-scrolling fusion-no-large-visibility\" style=\"--awb-border-radius-top-left:0px;--awb-border-radius-top-right:0px;--awb-border-radius-bottom-right:0px;--awb-border-radius-bottom-left:0px;--awb-padding-top:50px;--awb-padding-bottom:100px;--awb-padding-bottom-small:72px;--awb-background-color:var(--awb-color4);--awb-flex-wrap:wrap;\" ><div class=\"fusion-builder-row fusion-row fusion-flex-align-items-flex-start fusion-flex-content-wrap\" style=\"max-width:1248px;margin-left: calc(-4% \/ 2 );margin-right: calc(-4% \/ 2 );\"><div class=\"fusion-layout-column fusion_builder_column fusion-builder-column-2 fusion_builder_column_1_1 1_1 fusion-flex-column\" style=\"--awb-bg-size:cover;--awb-width-large:100%;--awb-margin-top-large:0px;--awb-spacing-right-large:1.92%;--awb-margin-bottom-large:20px;--awb-spacing-left-large:1.92%;--awb-width-medium:100%;--awb-order-medium:0;--awb-spacing-right-medium:1.92%;--awb-spacing-left-medium:1.92%;--awb-width-small:100%;--awb-order-small:0;--awb-spacing-right-small:1.92%;--awb-spacing-left-small:1.92%;\"><div class=\"fusion-column-wrapper fusion-column-has-shadow fusion-flex-justify-content-flex-start fusion-content-layout-column\"><div class=\"fusion-image-element \" style=\"text-align:center;--awb-margin-bottom-medium:20px;--awb-caption-title-font-family:var(--h2_typography-font-family);--awb-caption-title-font-weight:var(--h2_typography-font-weight);--awb-caption-title-font-style:var(--h2_typography-font-style);--awb-caption-title-size:var(--h2_typography-font-size);--awb-caption-title-transform:var(--h2_typography-text-transform);--awb-caption-title-line-height:var(--h2_typography-line-height);--awb-caption-title-letter-spacing:var(--h2_typography-letter-spacing);\"><span class=\" fusion-imageframe imageframe-none imageframe-1 hover-type-none\"><img decoding=\"async\" width=\"101\" height=\"75\" alt=\"White Logo\" title=\"White Logo\" src=\"https:\/\/avada.website\/extreme-sports\/wp-content\/uploads\/sites\/162\/2021\/10\/logo-white.png\" class=\"img-responsive wp-image-1650\"\/><\/span><\/div><div class=\"fusion-title title fusion-title-3 fusion-sep-none fusion-title-center fusion-title-text fusion-title-size-two\" style=\"--awb-text-color:var(--awb-color1);\"><h2 class=\"fusion-title-heading title-heading-center\" style=\"margin:0;line-height:1.3em;\">With extreme sports enjoy the faster speeds and climb tall heights<\/h2><\/div><div class=\"fusion-title title fusion-title-4 fusion-sep-none fusion-title-center fusion-title-text fusion-title-size-four\" style=\"--awb-text-color:var(--awb-color1);--awb-margin-top:35px;--awb-margin-bottom:55px;--awb-margin-bottom-small:50px;\"><h4 class=\"fusion-title-heading title-heading-center\" style=\"margin:0;\">Be Prepared To Experience The New Adventures<\/h4><\/div><div class=\"fusion-builder-row fusion-builder-row-inner fusion-row fusion-flex-align-items-flex-start fusion-flex-content-wrap\" style=\"width:104% !important;max-width:104% !important;margin-left: calc(-4% \/ 2 );margin-right: calc(-4% \/ 2 );\"><div class=\"fusion-layout-column fusion_builder_column_inner fusion-builder-nested-column-0 fusion_builder_column_inner_1_1 1_1 fusion-flex-column\" style=\"--awb-bg-size:cover;--awb-width-large:100%;--awb-margin-top-large:0px;--awb-spacing-right-large:1.92%;--awb-margin-bottom-large:0px;--awb-spacing-left-large:1.92%;--awb-width-medium:100%;--awb-order-medium:0;--awb-spacing-right-medium:1.92%;--awb-spacing-left-medium:1.92%;--awb-width-small:100%;--awb-order-small:0;--awb-spacing-right-small:1.92%;--awb-spacing-left-small:1.92%;\"><div class=\"fusion-column-wrapper fusion-column-has-shadow fusion-flex-justify-content-center fusion-content-layout-row\"><div ><a class=\"fusion-button button-flat fusion-button-default-size button-custom fusion-button-default button-1 fusion-button-default-span fusion-button-default-type\" style=\"--button_accent_color:var(--awb-color1);--button_border_color:var(--awb-color7);--button_accent_hover_color:var(--awb-color1);--button_border_hover_color:var(--awb-color1);--button_border_width-top:1px;--button_border_width-right:1px;--button_border_width-bottom:1px;--button_border_width-left:1px;--button_gradient_top_color:var(--awb-color7);--button_gradient_bottom_color:var(--awb-color7);--button_gradient_top_color_hover:hsla(var(--awb-color5-h),calc(var(--awb-color5-s) - 5%),calc(var(--awb-color5-l) - 10%),var(--awb-color5-a));--button_gradient_bottom_color_hover:hsla(var(--awb-color5-h),calc(var(--awb-color5-s) - 5%),calc(var(--awb-color5-l) - 10%),var(--awb-color5-a));--button_margin-right:15px;--button_margin-bottom:15px;\" target=\"_self\" href=\"#\"><span class=\"fusion-button-text awb-button__text awb-button__text--default\">Join Our Club<\/span><\/a><\/div><div ><a class=\"fusion-button button-flat fusion-button-default-size button-custom fusion-button-default button-2 fusion-button-default-span fusion-button-default-type\" style=\"--button_accent_color:var(--awb-color1);--button_accent_hover_color:var(--awb-color1);--button_border_hover_color:var(--awb-color1);--button_border_width-top:1px;--button_border_width-right:1px;--button_border_width-bottom:1px;--button_border_width-left:1px;--button_gradient_top_color:var(--awb-color5);--button_gradient_bottom_color:var(--awb-color5);--button_gradient_top_color_hover:hsla(var(--awb-color5-h),calc(var(--awb-color5-s) - 5%),calc(var(--awb-color5-l) - 10%),var(--awb-color5-a));--button_gradient_bottom_color_hover:hsla(var(--awb-color5-h),calc(var(--awb-color5-s) - 5%),calc(var(--awb-color5-l) - 10%),var(--awb-color5-a));\" target=\"_self\" href=\"#\"><i class=\"awb-xsports-play-solid awb-button__icon awb-button__icon--default button-icon-left\" aria-hidden=\"true\"><\/i><span class=\"fusion-button-text awb-button__text awb-button__text--default\">View The Demo<\/span><\/a><\/div><\/div><\/div><\/div><\/div><\/div><\/div><\/div><\/p>\n","protected":false},"excerpt":{"rendered":"","protected":false},"author":1,"featured_media":0,"parent":0,"menu_order":0,"comment_status":"closed","ping_status":"closed","template":"100-width.php","meta":{"footnotes":""},"class_list":["post-15","page","type-page","status-publish","hentry"],"_links":{"self":[{"href":"https:\/\/www.ski-transfer-salzburg.at\/de\/wp-json\/wp\/v2\/pages\/15","targetHints":{"allow":["GET"]}}],"collection":[{"href":"https:\/\/www.ski-transfer-salzburg.at\/de\/wp-json\/wp\/v2\/pages"}],"about":[{"href":"https:\/\/www.ski-transfer-salzburg.at\/de\/wp-json\/wp\/v2\/types\/page"}],"author":[{"embeddable":true,"href":"https:\/\/www.ski-transfer-salzburg.at\/de\/wp-json\/wp\/v2\/users\/1"}],"replies":[{"embeddable":true,"href":"https:\/\/www.ski-transfer-salzburg.at\/de\/wp-json\/wp\/v2\/comments?post=15"}],"version-history":[{"count":22,"href":"https:\/\/www.ski-transfer-salzburg.at\/de\/wp-json\/wp\/v2\/pages\/15\/revisions"}],"predecessor-version":[{"id":2629,"href":"https:\/\/www.ski-transfer-salzburg.at\/de\/wp-json\/wp\/v2\/pages\/15\/revisions\/2629"}],"wp:attachment":[{"href":"https:\/\/www.ski-transfer-salzburg.at\/de\/wp-json\/wp\/v2\/media?parent=15"}],"curies":[{"name":"wp","href":"https:\/\/api.w.org\/{rel}","templated":true}]}}